{"id":18854,"date":"2021-09-23T13:34:06","date_gmt":"2021-09-23T13:34:06","guid":{"rendered":"https:\/\/sanctipetrihillsgolf.com\/mitglieder\/"},"modified":"2026-01-12T15:49:05","modified_gmt":"2026-01-12T15:49:05","slug":"mitglieder","status":"publish","type":"page","link":"https:\/\/sanctipetrihillsgolf.com\/de\/mitglieder\/","title":{"rendered":"Mitglieder"},"content":{"rendered":"\t\t<div data-elementor-type=\"wp-page\" data-elementor-id=\"18854\" class=\"elementor elementor-18854 elementor-12146\" data-elementor-post-type=\"page\">\n\t\t\t\t\t\t<section class=\"elementor-section elementor-top-section elementor-element elementor-element-1f65aff up-translateZ-wrap sc_bg_mask_9 elementor-section-boxed elementor-section-height-default elementor-section-height-default sc_fly_static\" data-id=\"1f65aff\" data-element_type=\"section\" data-e-type=\"section\" data-settings=\"{&quot;background_background&quot;:&quot;classic&quot;}\">\n\t\t\t\t\t\t<div class=\"elementor-container elementor-column-gap-no\">\n\t\t\t\t\t<div class=\"elementor-column elementor-col-50 elementor-top-column elementor-element elementor-element-8581c54 sc_inner_width_none sc_content_align_inherit sc_layouts_column_icons_position_left sc_fly_static\" data-id=\"8581c54\" data-element_type=\"column\" data-e-type=\"column\">\n\t\t\t<div class=\"elementor-widget-wrap elementor-element-populated\">\n\t\t\t\t\t\t<div class=\"elementor-element elementor-element-5fcf4f9 sc_fly_static elementor-widget elementor-widget-trx_sc_title\" data-id=\"5fcf4f9\" data-element_type=\"widget\" data-e-type=\"widget\" data-widget_type=\"trx_sc_title.default\">\n\t\t\t\t<div class=\"elementor-widget-container\">\n\t\t\t\t\t<div\t\tclass=\"sc_title sc_title_default\" ><span class=\"sc_item_subtitle sc_title_subtitle sc_item_subtitle_above sc_item_title_style_default\">365 Tage Golf<\/span><h1 class=\"sc_item_title sc_title_title sc_item_title_style_default sc_item_title_tag\"\n\t\t\t><span class=\"sc_item_title_text\">Mitglieder<\/span><\/h1><div class=\"sc_item_descr sc_title_descr\"><p>In Sancti Petri Hills Golf haben wir eine absolut sympathische Mitgliedergruppe, die das t\u00e4gliche Golfspielen unterhaltsam und interessant macht. Rasch finden Sie hier Spieler, mit denen Sie eine Runde spielen und im Anschluss in unserem Restaurant einen Aperitiv geniessen k\u00f6nnen.<\/p>\n<\/div><\/div>\t\t\t\t<\/div>\n\t\t\t\t<\/div>\n\t\t\t\t\t<\/div>\n\t\t<\/div>\n\t\t\t\t<div class=\"elementor-column elementor-col-25 elementor-top-column elementor-element elementor-element-d0c251c sc_inner_width_none sc_content_align_inherit sc_layouts_column_icons_position_left sc_fly_static\" data-id=\"d0c251c\" data-element_type=\"column\" data-e-type=\"column\">\n\t\t\t<div class=\"elementor-widget-wrap elementor-element-populated\">\n\t\t\t\t\t\t<section class=\"elementor-section elementor-inner-section elementor-element elementor-element-9dadfa5 elementor-section-boxed elementor-section-height-default elementor-section-height-default sc_fly_static\" data-id=\"9dadfa5\" data-element_type=\"section\" data-e-type=\"section\">\n\t\t\t\t\t\t<div class=\"elementor-container elementor-column-gap-extended\">\n\t\t\t\t\t<div class=\"elementor-column elementor-col-100 elementor-inner-column elementor-element elementor-element-2990471 sc_layouts_column_align_center sc_layouts_column sc_inner_width_none sc_content_align_inherit sc_layouts_column_icons_position_left sc_fly_static\" data-id=\"2990471\" data-element_type=\"column\" data-e-type=\"column\" data-settings=\"{&quot;background_background&quot;:&quot;classic&quot;}\">\n\t\t\t<div class=\"elementor-widget-wrap elementor-element-populated\">\n\t\t\t\t\t\t<div class=\"elementor-element elementor-element-376cf3c sc_fly_static elementor-widget elementor-widget-spacer\" data-id=\"376cf3c\" data-element_type=\"widget\" data-e-type=\"widget\" data-widget_type=\"spacer.default\">\n\t\t\t\t<div class=\"elementor-widget-container\">\n\t\t\t\t\t\t\t<div class=\"elementor-spacer\">\n\t\t\t<div class=\"elementor-spacer-inner\"><\/div>\n\t\t<\/div>\n\t\t\t\t\t\t<\/div>\n\t\t\t\t<\/div>\n\t\t\t\t<div class=\"elementor-element elementor-element-00201fc sc_fly_static elementor-widget elementor-widget-spacer\" data-id=\"00201fc\" data-element_type=\"widget\" data-e-type=\"widget\" data-widget_type=\"spacer.default\">\n\t\t\t\t<div class=\"elementor-widget-container\">\n\t\t\t\t\t\t\t<div class=\"elementor-spacer\">\n\t\t\t<div class=\"elementor-spacer-inner\"><\/div>\n\t\t<\/div>\n\t\t\t\t\t\t<\/div>\n\t\t\t\t<\/div>\n\t\t\t\t\t<\/div>\n\t\t<\/div>\n\t\t\t\t\t<\/div>\n\t\t<\/section>\n\t\t\t\t\t<\/div>\n\t\t<\/div>\n\t\t\t\t<div class=\"elementor-column elementor-col-25 elementor-top-column elementor-element elementor-element-2561d44 sc_inner_width_none sc_content_align_inherit sc_layouts_column_icons_position_left sc_fly_static\" data-id=\"2561d44\" data-element_type=\"column\" data-e-type=\"column\">\n\t\t\t<div class=\"elementor-widget-wrap elementor-element-populated\">\n\t\t\t\t\t\t<div data-parallax-params=\"{&quot;flow&quot;:&quot;default&quot;,&quot;range_start&quot;:0,&quot;range_end&quot;:40,&quot;ease&quot;:&quot;power2&quot;,&quot;duration&quot;:1,&quot;squeeze&quot;:1,&quot;x_start&quot;:0,&quot;x_end&quot;:0,&quot;x_unit&quot;:&quot;px&quot;,&quot;y_start&quot;:0,&quot;y_end&quot;:0,&quot;y_unit&quot;:&quot;px&quot;,&quot;scale_start&quot;:100,&quot;scale_end&quot;:100,&quot;rotate_start&quot;:0,&quot;rotate_end&quot;:0,&quot;opacity_start&quot;:1,&quot;opacity_end&quot;:1,&quot;text&quot;:&quot;block&quot;,&quot;mouse&quot;:1,&quot;mouse_type&quot;:&quot;transform3d&quot;,&quot;mouse_tilt_amount&quot;:70,&quot;mouse_speed&quot;:4,&quot;mouse_z&quot;:&quot;&quot;,&quot;mouse_handler&quot;:&quot;window&quot;}\" class=\"elementor-element elementor-element-0663fc0 elementor-widget__width-initial elementor-absolute sc_parallax sc_parallax_mouse sc_fly_static sc_parallax_default sc_parallax_type_transform3d elementor-widget elementor-widget-image\" data-id=\"0663fc0\" data-element_type=\"widget\" data-e-type=\"widget\" data-settings=\"{&quot;_position&quot;:&quot;absolute&quot;}\" data-widget_type=\"image.default\">\n\t\t\t\t<div class=\"elementor-widget-container\">\n\t\t\t\t\t\t\t\t\t\t\t\t\t\t\t<img decoding=\"async\" width=\"130\" height=\"130\" src=\"https:\/\/sanctipetrihillsgolf.com\/wp-content\/uploads\/2020\/05\/img-animation-5.png\" class=\"attachment-full size-full wp-image-18738\" alt=\"Img Animation 5\" srcset=\"https:\/\/sanctipetrihillsgolf.com\/wp-content\/uploads\/2020\/05\/img-animation-5.png 130w, https:\/\/sanctipetrihillsgolf.com\/wp-content\/uploads\/2020\/05\/img-animation-5-120x120.png 120w\" sizes=\"(max-width: 130px) 100vw, 130px\" \/>\t\t\t\t\t\t\t\t\t\t\t\t\t\t\t<\/div>\n\t\t\t\t<\/div>\n\t\t\t\t<div class=\"elementor-element elementor-element-3f268a1 up-translateZ-elem no-title sc_fly_static elementor-widget elementor-widget-image\" data-id=\"3f268a1\" data-element_type=\"widget\" data-e-type=\"widget\" data-widget_type=\"image.default\">\n\t\t\t\t<div class=\"elementor-widget-container\">\n\t\t\t\t\t\t\t\t\t\t\t\t\t\t\t<img decoding=\"async\" src=\"https:\/\/sanctipetrihillsgolf.com\/wp-content\/uploads\/elementor\/thumbs\/Sancti-Petri-Hills-Golf-Bahia-De-Cadiz-Campo-de-Golf-2-p8swxvoqfd1montodvtpo2rayjuwy464mufkl8zd3g.jpg\" title=\"Parcours-de-golf-Bah\u00eda-De-C\u00e1diz-Sancti-Petri-Hills-Golf\" alt=\"Sancti Petri Hills Golf Bahia De Cadiz Campo De Golf 2\" loading=\"lazy\" \/>\t\t\t\t\t\t\t\t\t\t\t\t\t\t\t<\/div>\n\t\t\t\t<\/div>\n\t\t\t\t<div class=\"elementor-element elementor-element-3fe67e4 sc_fly_static elementor-widget elementor-widget-spacer\" data-id=\"3fe67e4\" data-element_type=\"widget\" data-e-type=\"widget\" data-widget_type=\"spacer.default\">\n\t\t\t\t<div class=\"elementor-widget-container\">\n\t\t\t\t\t\t\t<div class=\"elementor-spacer\">\n\t\t\t<div class=\"elementor-spacer-inner\"><\/div>\n\t\t<\/div>\n\t\t\t\t\t\t<\/div>\n\t\t\t\t<\/div>\n\t\t\t\t\t<\/div>\n\t\t<\/div>\n\t\t\t\t\t<\/div>\n\t\t<\/section>\n\t\t\t\t<section class=\"elementor-section elementor-top-section elementor-element elementor-element-5afa8a64 scheme_default elementor-section-boxed elementor-section-height-default elementor-section-height-default sc_fly_static\" data-id=\"5afa8a64\" data-element_type=\"section\" data-e-type=\"section\" data-settings=\"{&quot;background_background&quot;:&quot;classic&quot;}\">\n\t\t\t\t\t\t<div class=\"elementor-container elementor-column-gap-extended\">\n\t\t\t\t\t<div class=\"elementor-column elementor-col-100 elementor-top-column elementor-element elementor-element-60194243 sc_inner_width_none sc_content_align_inherit sc_layouts_column_icons_position_left sc_fly_static\" data-id=\"60194243\" data-element_type=\"column\" data-e-type=\"column\">\n\t\t\t<div class=\"elementor-widget-wrap elementor-element-populated\">\n\t\t\t\t\t\t<div class=\"elementor-element elementor-element-2699f083 sc_height_huge sc_fly_static elementor-widget elementor-widget-spacer\" data-id=\"2699f083\" data-element_type=\"widget\" data-e-type=\"widget\" data-widget_type=\"spacer.default\">\n\t\t\t\t<div class=\"elementor-widget-container\">\n\t\t\t\t\t\t\t<div class=\"elementor-spacer\">\n\t\t\t<div class=\"elementor-spacer-inner\"><\/div>\n\t\t<\/div>\n\t\t\t\t\t\t<\/div>\n\t\t\t\t<\/div>\n\t\t\t\t<div class=\"elementor-element elementor-element-a88fb2c sc_layouts_hide_on_notebook sc_layouts_hide_on_tablet sc_layouts_hide_on_mobile sc_fly_static elementor-widget elementor-widget-spacer\" data-id=\"a88fb2c\" data-element_type=\"widget\" data-e-type=\"widget\" data-widget_type=\"spacer.default\">\n\t\t\t\t<div class=\"elementor-widget-container\">\n\t\t\t\t\t\t\t<div class=\"elementor-spacer\">\n\t\t\t<div class=\"elementor-spacer-inner\"><\/div>\n\t\t<\/div>\n\t\t\t\t\t\t<\/div>\n\t\t\t\t<\/div>\n\t\t\t\t<section class=\"elementor-section elementor-inner-section elementor-element elementor-element-7425e586 elementor-section-boxed elementor-section-height-default elementor-section-height-default sc_fly_static\" data-id=\"7425e586\" data-element_type=\"section\" data-e-type=\"section\">\n\t\t\t\t\t\t<div class=\"elementor-container elementor-column-gap-extended\">\n\t\t\t\t\t<div class=\"elementor-column elementor-col-16 elementor-inner-column elementor-element elementor-element-4d628b93 sc_inner_width_none sc_content_align_inherit sc_layouts_column_icons_position_left sc_fly_static\" data-id=\"4d628b93\" data-element_type=\"column\" data-e-type=\"column\">\n\t\t\t<div class=\"elementor-widget-wrap\">\n\t\t\t\t\t\t\t<\/div>\n\t\t<\/div>\n\t\t\t\t<div class=\"elementor-column elementor-col-66 elementor-inner-column elementor-element elementor-element-11dd8deb sc_inner_width_none sc_content_align_inherit sc_layouts_column_icons_position_left sc_fly_static\" data-id=\"11dd8deb\" data-element_type=\"column\" data-e-type=\"column\">\n\t\t\t<div class=\"elementor-widget-wrap elementor-element-populated\">\n\t\t\t\t\t\t<div class=\"elementor-element elementor-element-64638c7d sc_fly_static elementor-widget elementor-widget-trx_sc_title\" data-id=\"64638c7d\" data-element_type=\"widget\" data-e-type=\"widget\" data-widget_type=\"trx_sc_title.default\">\n\t\t\t\t<div class=\"elementor-widget-container\">\n\t\t\t\t\t<div\t\tclass=\"sc_title sc_title_default\" ><span class=\"sc_item_subtitle sc_title_subtitle sc_align_center sc_item_subtitle_above sc_item_title_style_default\">Mitglieder Sancti Petri Hills Golf<\/span><h1 class=\"sc_item_title sc_title_title sc_align_center sc_item_title_style_default sc_item_title_tag\"\n\t\t\t><span class=\"sc_item_title_text\">Der beste Weg, um Mitglied in unserem Golfclub zu werden. <\/span><\/h1><div class=\"sc_item_descr sc_title_descr sc_align_center\"><\/div><\/div>\t\t\t\t<\/div>\n\t\t\t\t<\/div>\n\t\t\t\t\t<\/div>\n\t\t<\/div>\n\t\t\t\t<div class=\"elementor-column elementor-col-16 elementor-inner-column elementor-element elementor-element-3e1c3d24 sc_inner_width_none sc_content_align_inherit sc_layouts_column_icons_position_left sc_fly_static\" data-id=\"3e1c3d24\" data-element_type=\"column\" data-e-type=\"column\">\n\t\t\t<div class=\"elementor-widget-wrap\">\n\t\t\t\t\t\t\t<\/div>\n\t\t<\/div>\n\t\t\t\t\t<\/div>\n\t\t<\/section>\n\t\t\t\t<div class=\"elementor-element elementor-element-31e7139a sc_height_medium sc_fly_static elementor-widget elementor-widget-spacer\" data-id=\"31e7139a\" data-element_type=\"widget\" data-e-type=\"widget\" data-widget_type=\"spacer.default\">\n\t\t\t\t<div class=\"elementor-widget-container\">\n\t\t\t\t\t\t\t<div class=\"elementor-spacer\">\n\t\t\t<div class=\"elementor-spacer-inner\"><\/div>\n\t\t<\/div>\n\t\t\t\t\t\t<\/div>\n\t\t\t\t<\/div>\n\t\t\t\t<div class=\"elementor-element elementor-element-94cb17a sc_fly_static elementor-widget elementor-widget-trx_sc_price\" data-id=\"94cb17a\" data-element_type=\"widget\" data-e-type=\"widget\" data-widget_type=\"trx_sc_price.default\">\n\t\t\t\t<div class=\"elementor-widget-container\">\n\t\t\t\t\t<div  \n\tclass=\"sc_price sc_price_light\"><div class=\"sc_price_columns_wrap sc_item_columns trx_addons_columns_wrap columns_padding_bottom columns_in_single_row\"><div class=\"trx_addons_column-1_2\"><div class=\"sc_price_item sc_price_item_light\">\n\t\t\t<div class=\"sc_price_item_inner\"><div class=\"sc_price_item_info_top\"><h3 class=\"sc_price_item_title\"><span>Jahresbeitrag individuell<\/span><\/h3><\/div><div class=\"sc_price_item_icon sc_price_item_icon_type_ icon-flag\"\n\t\t\t\t\t\t\t\t\t\t\t\t><span class=\"sc_icon_type_ icon-flag\"\n\t\t\t\t\t\t\t\t\t\t\t\t\t\t\t><\/span><\/div><div class=\"sc_price_item_info\"><div class=\"sc_price_item_price\"><span class=\"sc_price_item_price_value\">780\u20ac<\/span><span class=\"sc_price_item_price_after\">Jahr<\/span><\/div><div class=\"sc_price_item_details\"><p>\u00b7\u00a0<strong>Rabatt<\/strong> f\u00fcr Trolleys und Buggy<\/p><p>\u00b7\u00a010% <strong>Rabatt<\/strong> in Proshop<\/p><p>\u00b7\u00a0Platz im Lagerraum f\u00fcr Schl\u00e4ger und Trolleys (Ladem\u00f6glichkeit f\u00fcr elektrische Trolleys) \/ Sicherheit mit Alarmanlage und Video\u00fcberwachung<\/p><p>\u00b7\u00a0Schliessfach im Lagerraum der Schl\u00e4ger (gem\u00e4ss Verf\u00fcgbarkeit)<\/p><p>\u00b7\u00a010% <strong>Rabatt<\/strong> im Restaurant<\/p><p><strong>Preis f\u00fcr Green-Fee 18 Loch und 9 Loch f\u00fcr alle Mitglieder: 4,00\u20ac pro Persor<\/strong><\/p><\/div><a href=\"https:\/\/sanctipetrihillsgolf.com\/es\/contacto\/\" class=\"sc_price_item_link sc_button_bordered sc_button\" target=\"_blank\">Mitgliedschaft anmelden<\/a><\/div><!-- \/.sc_price_item_info --><\/div><!-- \/.sc_price_item_inner --><\/div><\/div><div class=\"trx_addons_column-1_2\"><div class=\"sc_price_item sc_price_item_light\">\n\t\t\t<div class=\"sc_price_item_inner\"><div class=\"sc_price_item_info_top\"><h3 class=\"sc_price_item_title\"><span>Jahresbeitrag Familie<\/span><\/h3><\/div><div class=\"sc_price_item_icon sc_price_item_icon_type_ icon-flag\"\n\t\t\t\t\t\t\t\t\t\t\t\t><span class=\"sc_icon_type_ icon-flag\"\n\t\t\t\t\t\t\t\t\t\t\t\t\t\t\t><\/span><\/div><div class=\"sc_price_item_info\"><div class=\"sc_price_item_price\"><span class=\"sc_price_item_price_value\">1.380\u20ac<\/span><span class=\"sc_price_item_price_after\">Jahr (inkl. Hauptmitglied und Partner)<\/span><\/div><div class=\"sc_price_item_details\"><p>\u00b7\u00a0<strong>Rabatt<\/strong> f\u00fcr Trolleys und Buggy<\/p><p>\u00b7\u00a010% <strong>Rabatt<\/strong> in Proshop<\/p><p>\u00b7\u00a0Platz im Lagerraum f\u00fcr Schl\u00e4ger und Trolleys (Ladem\u00f6glichkeit f\u00fcr elektrische Trolleys) \/ Sicherheit mit Alarmanlage und Video\u00fcberwachung<\/p><p>\u00b7\u00a0Schliessfach im Lagerraum der Schl\u00e4ger (gem\u00e4ss Verf\u00fcgbarkeit)<\/p><p>\u00b7\u00a010% <strong>Rabatt<\/strong> im Restaurant<\/p><p><strong>Preis f\u00fcr Green-Fee 18 Loch und 9 Loch f\u00fcr alle Mitglieder: 4,00\u20ac pro Persor<\/strong><\/p><\/div><a href=\"https:\/\/sanctipetrihillsgolf.com\/es\/contacto\/\" class=\"sc_price_item_link sc_button_bordered sc_button\" target=\"_blank\">Mitgliedschaft anmelden<\/a><\/div><!-- \/.sc_price_item_info --><\/div><!-- \/.sc_price_item_inner --><\/div><\/div><\/div><\/div><!-- \/.sc_price -->\t\t\t\t<\/div>\n\t\t\t\t<\/div>\n\t\t\t\t<div class=\"elementor-element elementor-element-718d793 sc_fly_static elementor-widget elementor-widget-text-editor\" data-id=\"718d793\" data-element_type=\"widget\" data-e-type=\"widget\" data-widget_type=\"text-editor.default\">\n\t\t\t\t<div class=\"elementor-widget-container\">\n\t\t\t\t\t\t\t\t\t<p style=\"text-align: center;\">*Preise mit MwSt inkludiert<\/p>\n<p style=\"text-align: center;\">*Diese Preise gelten nicht f\u00fcr Events und Turniere.<\/p>\n\t\t\t\t\t\t\t\t<\/div>\n\t\t\t\t<\/div>\n\t\t\t\t<div class=\"elementor-element elementor-element-319130c sc_fly_static elementor-widget elementor-widget-text-editor\" data-id=\"319130c\" data-element_type=\"widget\" data-e-type=\"widget\" data-widget_type=\"text-editor.default\">\n\t\t\t\t<div class=\"elementor-widget-container\">\n\t\t\t\t\t\t\t\t\t<p><strong>BEDINGUNGEN<\/strong><\/p>\n<ul>\n<li>F\u00fcr Direktzahlung des Gesamtbetrages: Geschenk 10 x Green Fees f\u00fcr Mitglieder<\/li>\n<li>Diese gratis Green Fees k\u00f6nnen nicht in den Monaten der Hauptsaison Juli und August verwendet werden und gelten auch nicht f\u00fcr die Mitglieder, die in ihrem Beitrag bereits das Green Fee inkludiert haben.<\/li>\n<li>Es ist m\u00f6glich, den Mitgliedsbeitrag per Bank\u00fcberweisung zu zahlen, sowohl halb- als auch viertelj\u00e4hrlich.<\/li>\n<li>Die Mitgliedschaft betr\u00e4gt jeweis 12 Monate.<\/li>\n<li>Die Mitgliedschaft ist pers\u00f6nlich und kann nicht an eine andere Person \u00fcbertragen werden. Die Familien-Mitgliedschaft richtet sich nach den Kriterien des Golfclubs.<\/li>\n<li>Um Golf zu spielen, ist notwendig, dass der jeweils festsgelegte Preis an der Rezeption hinterlegt wird, der Jahrebeitrag gezahlt ist, die Platzreife erlangt wurde und die internen Regeln in Sancti Petri Hills Golf akzeptiert und eingehalten werden.<\/li>\n<\/ul>\n\t\t\t\t\t\t\t\t<\/div>\n\t\t\t\t<\/div>\n\t\t\t\t<div class=\"elementor-element elementor-element-e323e48 elementor-cta--skin-classic elementor-animated-content elementor-bg-transform elementor-bg-transform-zoom-in sc_fly_static elementor-widget elementor-widget-call-to-action\" data-id=\"e323e48\" data-element_type=\"widget\" data-e-type=\"widget\" data-widget_type=\"call-to-action.default\">\n\t\t\t\t<div class=\"elementor-widget-container\">\n\t\t\t\t\t\t\t<div class=\"elementor-cta\">\n\t\t\t\t\t\t\t<div class=\"elementor-cta__content\">\n\t\t\t\t\n\t\t\t\t\t\t\t\t\t<h2 class=\"elementor-cta__title elementor-cta__content-item elementor-content-item\">\n\t\t\t\t\t\tVorteile f\u00fcr Begleitpersonen des Mitglieds\t\t\t\t\t<\/h2>\n\t\t\t\t\n\t\t\t\t\t\t\t\t\t<div class=\"elementor-cta__description elementor-cta__content-item elementor-content-item\">\n\t\t\t\t\t\t<p>- Preisverg\u00fcnstigung f\u00fcr\u00a0 18-Loch und 9-Loch Green fees<\/p>\n\t\t\t\t\t<\/div>\n\t\t\t\t\n\t\t\t\t\t\t\t<\/div>\n\t\t\t\t\t\t<\/div>\n\t\t\t\t\t\t<\/div>\n\t\t\t\t<\/div>\n\t\t\t\t<div class=\"elementor-element elementor-element-18132520 sc_height_huge sc_layouts_hide_on_mobile sc_fly_static elementor-widget elementor-widget-spacer\" data-id=\"18132520\" data-element_type=\"widget\" data-e-type=\"widget\" data-widget_type=\"spacer.default\">\n\t\t\t\t<div class=\"elementor-widget-container\">\n\t\t\t\t\t\t\t<div class=\"elementor-spacer\">\n\t\t\t<div class=\"elementor-spacer-inner\"><\/div>\n\t\t<\/div>\n\t\t\t\t\t\t<\/div>\n\t\t\t\t<\/div>\n\t\t\t\t<div class=\"elementor-element elementor-element-6b98a6f sc_layouts_hide_on_notebook sc_layouts_hide_on_tablet sc_layouts_hide_on_mobile sc_fly_static elementor-widget elementor-widget-spacer\" data-id=\"6b98a6f\" data-element_type=\"widget\" data-e-type=\"widget\" data-widget_type=\"spacer.default\">\n\t\t\t\t<div class=\"elementor-widget-container\">\n\t\t\t\t\t\t\t<div class=\"elementor-spacer\">\n\t\t\t<div class=\"elementor-spacer-inner\"><\/div>\n\t\t<\/div>\n\t\t\t\t\t\t<\/div>\n\t\t\t\t<\/div>\n\t\t\t\t<div class=\"elementor-element elementor-element-136b6a4 sc_layouts_hide_on_wide sc_layouts_hide_on_desktop sc_layouts_hide_on_notebook sc_layouts_hide_on_tablet sc_fly_static elementor-widget elementor-widget-spacer\" data-id=\"136b6a4\" data-element_type=\"widget\" data-e-type=\"widget\" data-widget_type=\"spacer.default\">\n\t\t\t\t<div class=\"elementor-widget-container\">\n\t\t\t\t\t\t\t<div class=\"elementor-spacer\">\n\t\t\t<div class=\"elementor-spacer-inner\"><\/div>\n\t\t<\/div>\n\t\t\t\t\t\t<\/div>\n\t\t\t\t<\/div>\n\t\t\t\t\t<\/div>\n\t\t<\/div>\n\t\t\t\t\t<\/div>\n\t\t<\/section>\n\t\t\t\t<\/div>\n\t\t","protected":false},"excerpt":{"rendered":"<p>365 Tage Golf Mitglieder In Sancti Petri Hills Golf haben wir eine absolut sympathische Mitgliedergruppe, die das t\u00e4gliche Golfspielen unterhaltsam und interessant macht. Rasch finden Sie hier Spieler, mit denen&hellip;<\/p>\n","protected":false},"author":1,"featured_media":0,"parent":0,"menu_order":0,"comment_status":"closed","ping_status":"closed","template":"","meta":{"footnotes":""},"class_list":["post-18854","page","type-page","status-publish","hentry"],"_links":{"self":[{"href":"https:\/\/sanctipetrihillsgolf.com\/de\/wp-json\/wp\/v2\/pages\/18854","targetHints":{"allow":["GET"]}}],"collection":[{"href":"https:\/\/sanctipetrihillsgolf.com\/de\/wp-json\/wp\/v2\/pages"}],"about":[{"href":"https:\/\/sanctipetrihillsgolf.com\/de\/wp-json\/wp\/v2\/types\/page"}],"author":[{"embeddable":true,"href":"https:\/\/sanctipetrihillsgolf.com\/de\/wp-json\/wp\/v2\/users\/1"}],"replies":[{"embeddable":true,"href":"https:\/\/sanctipetrihillsgolf.com\/de\/wp-json\/wp\/v2\/comments?post=18854"}],"version-history":[{"count":18,"href":"https:\/\/sanctipetrihillsgolf.com\/de\/wp-json\/wp\/v2\/pages\/18854\/revisions"}],"predecessor-version":[{"id":20073,"href":"https:\/\/sanctipetrihillsgolf.com\/de\/wp-json\/wp\/v2\/pages\/18854\/revisions\/20073"}],"wp:attachment":[{"href":"https:\/\/sanctipetrihillsgolf.com\/de\/wp-json\/wp\/v2\/media?parent=18854"}],"curies":[{"name":"wp","href":"https:\/\/api.w.org\/{rel}","templated":true}]}}